{"id":13642,"date":"2025-06-21T14:45:03","date_gmt":"2025-06-21T14:45:03","guid":{"rendered":"https:\/\/tools-market.net\/?post_type=product&#038;p=13642"},"modified":"2025-11-12T11:06:41","modified_gmt":"2025-11-12T11:06:41","slug":"%d8%aa%d9%88%d8%aa%d8%a7%d9%84-%d8%aa%d9%88%d9%84%d8%b2-%d8%b4%d9%86%d8%b7%d8%a9-%d8%b9%d8%af%d9%87-%d8%af%d8%b1%d9%8a%d9%84-%d9%84%d9%82%d9%85-%d8%a8%d8%b7%d8%a7%d8%b1%d9%8a%d9%87-1-2-%d8%a8%d9%88","status":"publish","type":"product","link":"https:\/\/tools-market.net\/en\/product\/%d8%aa%d9%88%d8%aa%d8%a7%d9%84-%d8%aa%d9%88%d9%84%d8%b2-%d8%b4%d9%86%d8%b7%d8%a9-%d8%b9%d8%af%d9%87-%d8%af%d8%b1%d9%8a%d9%84-%d9%84%d9%82%d9%85-%d8%a8%d8%b7%d8%a7%d8%b1%d9%8a%d9%87-1-2-%d8%a8%d9%88\/","title":{"rendered":"\u062a\u0648\u062a\u0627\u0644 \u062a\u0648\u0644\u0632 \u0634\u0646\u0637\u0629 \u0639\u062f\u0647 + \u062f\u0631\u064a\u0644 \u0644\u0642\u0645 \u0628\u0637\u0627\u0631\u064a\u0647 1\/2 \u0628\u0648\u0635\u0629 500 \u0646\u064a\u0648\u062a\u0646 + \u0628\u0637\u0627\u0631\u064a\u0647 \u0648 \u0634\u0627\u062d\u0646 152 \u0642\u0637\u0639\u0629 &#8211; THKTHP31522"},"content":{"rendered":"<ul>\n<li>\n<h3>\u0637\u0642\u0645\u00a0\u062f\u0631\u064a\u0644 \u0641\u0643 \u0648\u0631\u0628\u0637\u00a0\u064a\u0639\u0645\u0644 \u0628\u0627\u0644\u0628\u0637\u0627\u0631\u064a\u0629 152 \u0642\u0637\u0639\u0629<\/h3>\n<\/li>\n<li>\n<h3><strong data-start=\"46\" data-end=\"56\">\u064a\u062a\u0636\u0645\u0646:<\/strong><\/h3>\n<\/li>\n<li>\n<h3><strong data-start=\"58\" data-end=\"112\">\u0639\u062f\u062f 1\u00a0\u062f\u0631\u064a\u0644 \u0641\u0643 \u0648\u0631\u0628\u0637 \u064a\u0639\u0645\u0644 \u0628\u0627\u0644\u0628\u0637\u0627\u0631\u064a\u0629 (TIWLI2050) :<\/strong><\/h3>\n<\/li>\n<\/ul>\n<ul data-start=\"1077\" data-end=\"1289\">\n<li class=\"\" data-start=\"115\" data-end=\"143\">\n<h3 data-start=\"117\" data-end=\"143\">\u0627\u0644\u062c\u0647\u062f \u0627\u0644\u0643\u0647\u0631\u0628\u0627\u0626\u064a : 20 \u0641\u0648\u0644\u062a<\/h3>\n<\/li>\n<li class=\"\" data-start=\"144\" data-end=\"160\">\n<h3 data-start=\"146\" data-end=\"160\">\u0645\u0631\u0628\u0639 \u0644\u0642\u0645 1\/2 \u0628\u0648\u0635\u0629<\/h3>\n<\/li>\n<li class=\"\" data-start=\"161\" data-end=\"221\">\n<h3 data-start=\"163\" data-end=\"221\">\u0639\u062f \u0627\u0644\u0644\u0641\u0627\u062a : 0-1200 \/ 0-1800 \/ 0-2200 \u0644\u0641\u0629 \u0641\u064a \u0627\u0644\u062f\u0642\u064a\u0642\u0629<\/h3>\n<\/li>\n<li class=\"\" data-start=\"222\" data-end=\"278\">\n<h3 data-start=\"224\" data-end=\"278\">\u0645\u0639\u062f\u0644 \u0627\u0644\u062f\u0642\u0627\u0642 : 0-2400 \/ 0-2800 \/ 0-3300 \u0637\u0631\u0642\u0629 \u0641\u064a \u0627\u0644\u062f\u0642\u064a\u0642\u0629<\/h3>\n<\/li>\n<li class=\"\" data-start=\"279\" data-end=\"306\">\n<h3 data-start=\"281\" data-end=\"306\">\u0639\u0632\u0645 \u0627\u0644\u0631\u0628\u0637 : 500 \u0646\u064a\u0648\u062a\u0646.\u0645\u062a\u0631<\/h3>\n<\/li>\n<li class=\"\" data-start=\"307\" data-end=\"334\">\n<h3 data-start=\"309\" data-end=\"334\">\u0639\u0632\u0645 \u0627\u0644\u0641\u0643 : 650 \u0646\u064a\u0648\u062a\u0646.\u0645\u062a\u0631<\/h3>\n<\/li>\n<li>\n<h3><strong data-start=\"336\" data-end=\"349\">\u0627\u0644\u0645\u0644\u062d\u0642\u0627\u062a :<\/strong><\/h3>\n<\/li>\n<li class=\"\" data-start=\"351\" data-end=\"399\">\n<h3 data-start=\"353\" data-end=\"399\">\u0639\u062f\u062f 1 \u0628\u0637\u0627\u0631\u064a\u0629 4.0 \u0623\u0645\u0628\u064a\u0631 &#8211; 20 \u0641\u0648\u0644\u062a (TFBLI2002)<\/h3>\n<\/li>\n<li class=\"\" data-start=\"400\" data-end=\"480\">\n<h3 data-start=\"402\" data-end=\"427\">\u0639\u062f\u062f 1 \u0634\u0627\u062d\u0646 (TFCLI2001E)<\/h3>\n<ul data-start=\"430\" data-end=\"480\">\n<li class=\"\" data-start=\"430\" data-end=\"480\">\n<h3 data-start=\"432\" data-end=\"480\">\u062a\u064a\u0627\u0631 \u0627\u0644\u0634\u062d\u0646 \/ \u0627\u0644\u062a\u0631\u062f\u062f: 220-240 \u0641\u0648\u0644\u062a ~ 50\/60 \u0647\u0631\u062a\u0632<\/h3>\n<\/li>\n<\/ul>\n<\/li>\n<li>\n<h3><strong data-start=\"482\" data-end=\"513\">\u0639\u062f\u062f 1\u00a0\u064a\u062f \u0633\u064a\u0633\u062a\u064a\u0645\u00a0 1\/4 \u0628\u0648\u0635\u0629<\/strong><\/h3>\n<\/li>\n<li>\n<h3><strong data-start=\"516\" data-end=\"554\">\u0639\u062f\u062f 13 \u0644\u0642\u0645\u0629 1\/4 \u0628\u0648\u0635\u0629 \u0645\u0642\u0627\u0633\u0627\u062a:<\/strong>\u00a04-4.5-5-5.5-6-7-8-9-10-11-12-13-14 \u0645\u0645<\/h3>\n<\/li>\n<li>\n<h3><strong data-start=\"592\" data-end=\"636\">\u0639\u062f\u062f 18\u00a0\u0644\u0642\u0645\u0647 \u0633\u0646 \u0645\u0641\u0643\u00a01\/4 \u0628\u0648\u0635\u0629 \u00d7 32\u0645\u0645 \u0637\u0648\u0644:<\/strong><\/h3>\n<\/li>\n<li class=\"\" data-start=\"639\" data-end=\"662\">\n<h3 data-start=\"641\" data-end=\"662\">\u0633\u062f\u0627\u0633\u064a: 3-4-5-6-8 \u0645\u0645<\/h3>\n<\/li>\n<li class=\"\" data-start=\"663\" data-end=\"699\">\n<h3 data-start=\"665\" data-end=\"699\">\u0646\u062c\u0645\u0629: T8-T10-T15-T20-T25-T30-T40<\/h3>\n<\/li>\n<li class=\"\" data-start=\"700\" data-end=\"725\">\n<h3 data-start=\"702\" data-end=\"725\">\u0639\u0627\u062f\u0629 : (SL): 5.5-6.5 \u0645\u0645<\/h3>\n<\/li>\n<li class=\"\" data-start=\"726\" data-end=\"748\">\n<h3 data-start=\"728\" data-end=\"748\">\u0635\u0644\u064a\u0628\u0629\u00a0 :\u00a0\u00a0PH2, PH3, PZ2, PZ3<\/h3>\n<\/li>\n<li>\n<h3><strong data-start=\"750\" data-end=\"788\">\u0639\u062f\u062f 4\u00a0\u00a0\u0644\u0642\u0645\u0647 \u0637\u0648\u064a\u0644\u0629 50\u0645\u0645 1\/4 \u0628\u0648\u0635\u0629 :<\/strong>\u00a08, 9, 10, 12 \u0645\u0645<\/h3>\n<\/li>\n<li>\n<h3><strong data-start=\"807\" data-end=\"848\">\u0639\u062f\u062f 1 \u0648\u0635\u0644\u0629 \u062a\u0637\u0648\u064a\u0644 1\/4 \u0628\u0648\u0635\u0629\u00a0\u0637\u0648\u0644 50 \u0645\u0645\u00a0<\/strong><\/h3>\n<\/li>\n<li>\n<h3><strong data-start=\"851\" data-end=\"895\">\u0639\u062f\u062f 1 \u064a\u062f\u00a0\u0645\u0641\u0643 1\/4 \u0628\u0648\u0635\u0629 \u00d7 \u0637\u0648\u0644\u00a0 150\u0645\u0645<\/strong><\/h3>\n<\/li>\n<li>\n<h3><strong data-start=\"898\" data-end=\"940\">\u0639\u062f\u062f 1 \u0648\u0635\u0644\u0629 \u0645\u0641\u0635\u0644\u064a\u0629 1\/4 \u0628\u0648\u0635\u0629<\/strong><\/h3>\n<\/li>\n<li>\n<h3><strong data-start=\"943\" data-end=\"1004\">\u0639\u062f\u062f 1 \u0627\u062f\u0627\u0628\u062a\u0648\u0631 \u062b\u0644\u0627\u062b\u064a 1\/4 \u0628\u0648\u0635\u0629 : 3\/8 \u0628\u0648\u0635\u0629 \u062f\u0627\u062e\u0644\u0649\u00a0\u00d7 1\/4 \u0628\u0648\u0635\u0629\u00a0\u062e\u0627\u0631\u062c\u0649<\/strong><\/h3>\n<\/li>\n<li>\n<h3><strong data-start=\"1007\" data-end=\"1044\">\u0639\u062f\u062f 1 \u062d\u0627\u0645\u0644 \u0633\u0646\u0648\u0646 : 1\/4 \u0628\u0648\u0635\u0629 \u00d7 6.35 \u0645\u0645<\/strong><\/h3>\n<\/li>\n<li>\n<h3><strong data-start=\"1046\" data-end=\"1074\">\u0639\u062f\u062f 40 \u0644\u0642\u0645\u0629 6.35 \u0645\u0645 \u00d7 \u0637\u0648\u0644 25 \u0645\u0645 :<\/strong><\/h3>\n<\/li>\n<li class=\"\" data-start=\"1077\" data-end=\"1121\">\n<h3 data-start=\"1079\" data-end=\"1121\">\u0646\u062c\u0645\u0629 : T5-T6-T7-T8-T9-T10-T15-T20-T25-T30<\/h3>\n<\/li>\n<li class=\"\" data-start=\"1122\" data-end=\"1157\">\n<h3 data-start=\"1124\" data-end=\"1157\">\u0635\u0644\u064a\u0628\u0647 : PH1, PH2 (\u00d72), PH3, PH4<\/h3>\n<\/li>\n<li class=\"\" data-start=\"1158\" data-end=\"1185\">\n<h3 data-start=\"1160\" data-end=\"1185\">\u0645\u0634\u0631\u0634\u0631\u0629 :\u00a0\u00a0PZ1, PZ2 (\u00d72), PZ3, PZ4<\/h3>\n<\/li>\n<li class=\"\" data-start=\"1186\" data-end=\"1237\">\n<h3 data-start=\"1188\" data-end=\"1237\">\u0639\u0627\u062f\u0629 : SL: 3 (\u00d72), 4 (\u00d72), 5, 5.5, 6, 6.5, 7 (\u00d72)<\/h3>\n<\/li>\n<li class=\"\" data-start=\"1238\" data-end=\"1289\">\n<h3 data-start=\"1240\" data-end=\"1289\">\u0645\u0633\u062f\u0633\u0629 : H2, H3 (\u00d72), H4 (\u00d72), H5 (\u00d72), H6, H7 (\u00d72)<\/h3>\n<\/li>\n<li>\n<h3><strong data-start=\"1291\" data-end=\"1311\">\u0639\u062f\u062f 4 \u0644\u0642\u0645\u0629 \u062a\u0635\u0627\u062f\u0645\u064a\u0629 :<\/strong>\u00a017, 19, 21, 22 \u0645\u0645<\/h3>\n<\/li>\n<li>\n<h3><strong data-start=\"1332\" data-end=\"1363\">\u0639\u062f\u062f 1\u00a0\u064a\u062f \u0633\u064a\u0633\u062a\u064a\u0645\u00a0 1\/2 \u0628\u0648\u0635\u0629<\/strong><\/h3>\n<\/li>\n<li>\n<h3><strong data-start=\"1366\" data-end=\"1396\">\u0639\u062f\u062f 1 \u0648\u0635\u0644\u0629 \u0645\u0641\u0635\u0644\u064a\u0629 1\/2 \u0628\u0648\u0635\u0629<\/strong><\/h3>\n<\/li>\n<li>\n<h3><strong data-start=\"1399\" data-end=\"1422\">\u0639\u062f\u062f 7 \u0644\u0642\u0645\u0629 1\/2 \u0628\u0648\u0635\u0629 :<\/strong>\u00a021, 22, 23, 24, 27, 30, 32 \u0645\u0645<\/h3>\n<\/li>\n<li>\n<h3><strong data-start=\"1455\" data-end=\"1484\">\u0639\u062f\u062f 2 \u0644\u0642\u0645\u0629 \u0628\u0648\u062c\u064a\u0629 1\/2 \u0628\u0648\u0635\u0629 :<\/strong>\u00a016 \u0645\u0645 &#8211; 21 \u0645\u0645<\/h3>\n<\/li>\n<li>\n<h3><strong data-start=\"1501\" data-end=\"1531\">\u0639\u062f\u062f 2 \u0648\u0635\u0644\u0629 \u062a\u0637\u0648\u064a\u0644 1\/2 \u0628\u0648\u0635\u0629 \u0637\u0648\u0644<\/strong>\u00a0125\u0645\u0645 \u0648 250 \u0645\u0645<\/h3>\n<\/li>\n<li>\n<h3><strong data-start=\"1547\" data-end=\"1608\">\u0639\u062f\u062f 1 \u0627\u062f\u0627\u0628\u062a\u0648\u0631 \u062b\u0644\u0627\u062b\u064a 1\/2 \u0628\u0648\u0635\u0629 : 3\/8 \u0628\u0648\u0635\u0629 \u062f\u0627\u062e\u0644\u0649 \u00d7 1\/2\u00a0\u0628\u0648\u0635\u0629 \u062e\u0627\u0631\u062c\u0649<\/strong><\/h3>\n<\/li>\n<li>\n<h3><strong data-start=\"1610\" data-end=\"1640\">\u0639\u062f\u062f 10 \u0644\u0642\u0645 \u0645\u0633\u062f\u0633\u0629\u00a03\/8 \u0628\u0648\u0635\u0629:<\/strong>\u00a010 \u0625\u0644\u0649 19 \u0645\u0645<\/h3>\n<\/li>\n<li>\n<h3><strong data-start=\"1656\" data-end=\"1690\">\u0639\u062f\u062f 4\u00a0\u0644\u0642\u0645 \u0645\u0633\u062f\u0633\u0629 \u0637\u0648\u064a\u0644\u0629 3\/8 \u0628\u0648\u0635\u0629 :<\/strong>\u00a013, 14, 15, 17 \u0645\u0645<\/h3>\n<\/li>\n<li>\n<h3><strong data-start=\"1711\" data-end=\"1739\">\u0639\u062f\u062f 7 \u0644\u0642\u0645\u0629 \u0646\u062c\u0645\u0629 3\/8 \u0628\u0648\u0635\u0629:<\/strong>\u00a0E10, E11, E12, E14, E16, E18, E20<\/h3>\n<\/li>\n<li>\n<h3><strong data-start=\"1776\" data-end=\"1807\">\u0639\u062f\u062f 1 \u064a\u062f \u0633\u064a\u0633\u062a\u064a\u0645\u00a0 3\/8 \u0628\u0648\u0635\u0629<\/strong><\/h3>\n<\/li>\n<li>\n<h3><strong data-start=\"1810\" data-end=\"1840\">\u0639\u062f\u062f 2 \u0648\u0635\u0644\u0629 \u062a\u0637\u0648\u064a\u0644 3\/8 \u0628\u0648\u0635\u0629\u00a0\u0637\u0648\u0644<\/strong>\u00a075\u0645\u0645 (3&#8243;) \u0648150\u0645\u0645 (6&#8243;)<\/h3>\n<\/li>\n<li>\n<h3><strong data-start=\"1865\" data-end=\"1895\">\u0639\u062f\u062f 1 \u0648\u0635\u0644\u0629 \u0645\u0641\u0635\u0644\u064a\u0629 3\/8 \u0628\u0648\u0635\u0629<\/strong><\/h3>\n<\/li>\n<li>\n<h3><strong data-start=\"1898\" data-end=\"1949\">\u0639\u062f\u062f 1 \u0645\u062d\u0648\u0644 \u062b\u0644\u0627\u062b\u064a 3\/8 \u0628\u0648\u0635\u0629 : 3\/8\u00a0\u0628\u0648\u0635\u0629 \u062f\u0627\u062e\u0644\u0649 * 8 \u0645\u0645 \u062e\u0627\u0631\u062c\u0649\u00a0<\/strong><\/h3>\n<\/li>\n<li>\n<h3><strong data-start=\"1951\" data-end=\"1975\">\u0639\u062f\u062f 1 \u0645\u0641\u062a\u0627\u062d \u0641\u0644\u062a\u0631 \u0632\u064a\u062a<\/strong><\/h3>\n<\/li>\n<li>\n<h3><strong data-start=\"1978\" data-end=\"1992\">\u0639\u062f\u062f 2 \u0645\u0641\u0643 :<\/strong>\u00a0SL6.5 \u00d7 150 \u0645\u0645 \u060c PH2 \u00d7 150\u0645\u0645<\/h3>\n<\/li>\n<li>\n<h3><strong data-start=\"2022\" data-end=\"2045\">\u0639\u062f\u062f 12 \u0645\u0641\u062a\u0627\u062d \u0628\u0644\u062f\u0649\u00a0 \u0645\u0634\u0631\u0634\u0631 :<\/strong>\u00a06\u060c 8\u060c 9\u060c 10\u060c 11\u060c 12\u060c 13\u060c 14\u060c 15\u060c 17\u060c 18\u060c 19 \u0645\u0645<\/h3>\n<\/li>\n<li>\n<h3><strong data-start=\"2095\" data-end=\"2131\">\u0639\u062f\u062f 9 \u0645\u0641\u0627\u062a\u064a\u062d\u00a0 \u0646\u062c\u0645\u0629 :<\/strong>\u00a0T10, T15, T20, T25, T27, T30, T40, T45, T50<\/h3>\n<\/li>\n<li>\n<h3><strong data-start=\"2179\" data-end=\"2203\" data-is-last-node=\"\">\u0645\u0639\u0628\u0623 \u0641\u064a \u0634\u0646\u0637\u0629 \u0628\u0644\u0627\u0633\u062a\u064a\u0643<\/strong><\/h3>\n<\/li>\n<\/ul>","protected":false},"excerpt":{"rendered":"<p>\u0637\u0642\u0645\u00a0\u062f\u0631\u064a\u0644 \u0641\u0643 \u0648\u0631\u0628\u0637\u00a0\u064a\u0639\u0645\u0644 \u0628\u0627\u0644\u0628\u0637\u0627\u0631\u064a\u0629 152 \u0642\u0637\u0639\u0629 \u064a\u062a\u0636\u0645\u0646: \u0639\u062f\u062f 1\u00a0\u062f\u0631\u064a\u0644 \u0641\u0643 \u0648\u0631\u0628\u0637 \u064a\u0639\u0645\u0644 \u0628\u0627\u0644\u0628\u0637\u0627\u0631\u064a\u0629 (TIWLI2050) : \u0627\u0644\u062c\u0647\u062f \u0627\u0644\u0643\u0647\u0631\u0628\u0627\u0626\u064a : 20 \u0641\u0648\u0644\u062a \u0645\u0631\u0628\u0639 \u0644\u0642\u0645 1\/2 \u0628\u0648\u0635\u0629 \u0639\u062f&#8230;<\/p>","protected":false},"featured_media":13643,"comment_status":"open","ping_status":"closed","template":"","meta":[],"product_brand":[626],"product_cat":[208,722],"product_tag":[555],"class_list":{"0":"post-13642","1":"product","2":"type-product","3":"status-publish","4":"has-post-thumbnail","6":"product_brand-total","7":"product_cat-tool-bag","8":"product_cat-722","9":"product_tag-total","11":"first","12":"instock","13":"taxable","14":"shipping-taxable","15":"purchasable","16":"product-type-simple"},"etheme_brands":{"errors":{"invalid_taxonomy":["Invalid taxonomy."]},"error_data":[]},"_links":{"self":[{"href":"https:\/\/tools-market.net\/en\/wp-json\/wp\/v2\/product\/13642","targetHints":{"allow":["GET"]}}],"collection":[{"href":"https:\/\/tools-market.net\/en\/wp-json\/wp\/v2\/product"}],"about":[{"href":"https:\/\/tools-market.net\/en\/wp-json\/wp\/v2\/types\/product"}],"replies":[{"embeddable":true,"href":"https:\/\/tools-market.net\/en\/wp-json\/wp\/v2\/comments?post=13642"}],"version-history":[{"count":0,"href":"https:\/\/tools-market.net\/en\/wp-json\/wp\/v2\/product\/13642\/revisions"}],"wp:featuredmedia":[{"embeddable":true,"href":"https:\/\/tools-market.net\/en\/wp-json\/wp\/v2\/media\/13643"}],"wp:attachment":[{"href":"https:\/\/tools-market.net\/en\/wp-json\/wp\/v2\/media?parent=13642"}],"wp:term":[{"taxonomy":"product_brand","embeddable":true,"href":"https:\/\/tools-market.net\/en\/wp-json\/wp\/v2\/product_brand?post=13642"},{"taxonomy":"product_cat","embeddable":true,"href":"https:\/\/tools-market.net\/en\/wp-json\/wp\/v2\/product_cat?post=13642"},{"taxonomy":"product_tag","embeddable":true,"href":"https:\/\/tools-market.net\/en\/wp-json\/wp\/v2\/product_tag?post=13642"}],"curies":[{"name":"wp","href":"https:\/\/api.w.org\/{rel}","templated":true}]}}